{"id":10469,"date":"2020-12-14T22:46:35","date_gmt":"2020-12-14T22:46:35","guid":{"rendered":"https:\/\/monoazulweb.com\/?page_id=10469"},"modified":"2025-09-23T10:40:24","modified_gmt":"2025-09-23T13:40:24","slug":"contacto","status":"publish","type":"page","link":"https:\/\/monoazulweb.com\/en\/contacto\/","title":{"rendered":"Contacto"},"content":{"rendered":"\t\t<div data-elementor-type=\"wp-page\" data-elementor-id=\"10469\" class=\"elementor elementor-10469\" data-elementor-post-type=\"page\">\n\t\t\t\t\t\t<section data-particle_enable=\"false\" data-particle-mobile-disabled=\"false\" class=\"elementor-section elementor-top-section elementor-element elementor-element-3692cd3 elementor-section-content-middle elementor-section-height-min-height elementor-section-boxed elementor-section-height-default elementor-section-items-middle\" data-id=\"3692cd3\" data-element_type=\"section\" data-e-type=\"section\" data-settings=\"{&quot;background_background&quot;:&quot;classic&quot;}\">\n\t\t\t\t\t\t<div class=\"elementor-container elementor-column-gap-default\">\n\t\t\t\t\t<div class=\"elementor-column elementor-col-50 elementor-top-column elementor-element elementor-element-4168f04\" data-id=\"4168f04\" data-element_type=\"column\" data-e-type=\"column\">\n\t\t\t<div class=\"elementor-widget-wrap elementor-element-populated\">\n\t\t\t\t\t\t<div class=\"elementor-element elementor-element-1f10922 elementor-widget elementor-widget-heading\" data-id=\"1f10922\" data-element_type=\"widget\" data-e-type=\"widget\" data-widget_type=\"heading.default\">\n\t\t\t\t\t<p class=\"elementor-heading-title elementor-size-default\">CONTACTO<\/p>\t\t\t\t<\/div>\n\t\t\t\t<div class=\"elementor-element elementor-element-604f762 elementor-widget elementor-widget-heading\" data-id=\"604f762\" data-element_type=\"widget\" data-e-type=\"widget\" data-widget_type=\"heading.default\">\n\t\t\t\t\t<h2 class=\"elementor-heading-title elementor-size-default\">\u00bfPodemos hablar?<\/h2>\t\t\t\t<\/div>\n\t\t\t\t\t<\/div>\n\t\t<\/div>\n\t\t\t\t<div class=\"elementor-column elementor-col-50 elementor-top-column elementor-element elementor-element-62c6597\" data-id=\"62c6597\" data-element_type=\"column\" data-e-type=\"column\">\n\t\t\t<div class=\"elementor-widget-wrap\">\n\t\t\t\t\t\t\t<\/div>\n\t\t<\/div>\n\t\t\t\t\t<\/div>\n\t\t<\/section>\n\t\t\t\t<section data-particle_enable=\"false\" data-particle-mobile-disabled=\"false\" class=\"elementor-section elementor-top-section elementor-element elementor-element-445a086 elementor-section-boxed elementor-section-height-default elementor-section-height-default\" data-id=\"445a086\" data-element_type=\"section\" data-e-type=\"section\">\n\t\t\t\t\t\t<div class=\"elementor-container elementor-column-gap-default\">\n\t\t\t\t\t<div class=\"elementor-column elementor-col-50 elementor-top-column elementor-element elementor-element-733382d\" data-id=\"733382d\" data-element_type=\"column\" data-e-type=\"column\">\n\t\t\t<div class=\"elementor-widget-wrap elementor-element-populated\">\n\t\t\t\t\t\t<div class=\"elementor-element elementor-element-650a7d5 elementor-widget elementor-widget-heading\" data-id=\"650a7d5\" data-element_type=\"widget\" data-e-type=\"widget\" data-widget_type=\"heading.default\">\n\t\t\t\t\t<h2 class=\"elementor-heading-title elementor-size-default\">\u00a1Hagamos una call!<\/h2>\t\t\t\t<\/div>\n\t\t\t\t<div class=\"elementor-element elementor-element-12949a9 elementor-widget elementor-widget-text-editor\" data-id=\"12949a9\" data-element_type=\"widget\" data-e-type=\"widget\" data-widget_type=\"text-editor.default\">\n\t\t\t\t\t\t\t\t\t<p>Arregui, 3995 &#8211; Of.2 &#8211; 2do. Piso<br \/>C.A.B.A. &#8211; Caputal Federal, AR<br \/>Tel.: +54 9 11 5803.3370 (Whatsapp)<br \/>E-mail: info@monoazulweb.com<\/p>\t\t\t\t\t\t\t\t<\/div>\n\t\t\t\t<div class=\"elementor-element elementor-element-9796e84 elementor-shape-square elementor-grid-3 e-grid-align-left elementor-widget elementor-widget-social-icons\" data-id=\"9796e84\" data-element_type=\"widget\" data-e-type=\"widget\" data-widget_type=\"social-icons.default\">\n\t\t\t\t\t\t\t<div class=\"elementor-social-icons-wrapper elementor-grid\" role=\"list\">\n\t\t\t\t\t\t\t<span class=\"elementor-grid-item\" role=\"listitem\">\n\t\t\t\t\t<a class=\"elementor-icon elementor-social-icon elementor-social-icon-facebook elementor-repeater-item-6defa35\" href=\"https:\/\/www.facebook.com\/monoazulweb\" target=\"_blank\">\n\t\t\t\t\t\t<span class=\"elementor-screen-only\">Facebook<\/span>\n\t\t\t\t\t\t<svg aria-hidden=\"true\" class=\"e-font-icon-svg e-fab-facebook\" viewBox=\"0 0 512 512\" xmlns=\"http:\/\/www.w3.org\/2000\/svg\"><path d=\"M504 256C504 119 393 8 256 8S8 119 8 256c0 123.78 90.69 226.38 209.25 245V327.69h-63V256h63v-54.64c0-62.15 37-96.48 93.67-96.48 27.14 0 55.52 4.84 55.52 4.84v61h-31.28c-30.8 0-40.41 19.12-40.41 38.73V256h68.78l-11 71.69h-57.78V501C413.31 482.38 504 379.78 504 256z\"><\/path><\/svg>\t\t\t\t\t<\/a>\n\t\t\t\t<\/span>\n\t\t\t\t\t\t\t<span class=\"elementor-grid-item\" role=\"listitem\">\n\t\t\t\t\t<a class=\"elementor-icon elementor-social-icon elementor-social-icon-instagram elementor-repeater-item-d0b986a\" href=\"https:\/\/www.instagram.com\/monoazulweb\/\" target=\"_blank\">\n\t\t\t\t\t\t<span class=\"elementor-screen-only\">Instagram<\/span>\n\t\t\t\t\t\t<svg aria-hidden=\"true\" class=\"e-font-icon-svg e-fab-instagram\" viewBox=\"0 0 448 512\" xmlns=\"http:\/\/www.w3.org\/2000\/svg\"><path d=\"M224.1 141c-63.6 0-114.9 51.3-114.9 114.9s51.3 114.9 114.9 114.9S339 319.5 339 255.9 287.7 141 224.1 141zm0 189.6c-41.1 0-74.7-33.5-74.7-74.7s33.5-74.7 74.7-74.7 74.7 33.5 74.7 74.7-33.6 74.7-74.7 74.7zm146.4-194.3c0 14.9-12 26.8-26.8 26.8-14.9 0-26.8-12-26.8-26.8s12-26.8 26.8-26.8 26.8 12 26.8 26.8zm76.1 27.2c-1.7-35.9-9.9-67.7-36.2-93.9-26.2-26.2-58-34.4-93.9-36.2-37-2.1-147.9-2.1-184.9 0-35.8 1.7-67.6 9.9-93.9 36.1s-34.4 58-36.2 93.9c-2.1 37-2.1 147.9 0 184.9 1.7 35.9 9.9 67.7 36.2 93.9s58 34.4 93.9 36.2c37 2.1 147.9 2.1 184.9 0 35.9-1.7 67.7-9.9 93.9-36.2 26.2-26.2 34.4-58 36.2-93.9 2.1-37 2.1-147.8 0-184.8zM398.8 388c-7.8 19.6-22.9 34.7-42.6 42.6-29.5 11.7-99.5 9-132.1 9s-102.7 2.6-132.1-9c-19.6-7.8-34.7-22.9-42.6-42.6-11.7-29.5-9-99.5-9-132.1s-2.6-102.7 9-132.1c7.8-19.6 22.9-34.7 42.6-42.6 29.5-11.7 99.5-9 132.1-9s102.7-2.6 132.1 9c19.6 7.8 34.7 22.9 42.6 42.6 11.7 29.5 9 99.5 9 132.1s2.7 102.7-9 132.1z\"><\/path><\/svg>\t\t\t\t\t<\/a>\n\t\t\t\t<\/span>\n\t\t\t\t\t\t\t<span class=\"elementor-grid-item\" role=\"listitem\">\n\t\t\t\t\t<a class=\"elementor-icon elementor-social-icon elementor-social-icon-whatsapp elementor-repeater-item-f9c3334\" href=\"https:\/\/api.whatsapp.com\/send?phone=+5491172472255=%C2%A1Hola!%20Quiero%20hablar%20con%20MonoAzul.\" target=\"_blank\">\n\t\t\t\t\t\t<span class=\"elementor-screen-only\">Whatsapp<\/span>\n\t\t\t\t\t\t<svg aria-hidden=\"true\" class=\"e-font-icon-svg e-fab-whatsapp\" viewBox=\"0 0 448 512\" xmlns=\"http:\/\/www.w3.org\/2000\/svg\"><path d=\"M380.9 97.1C339 55.1 283.2 32 223.9 32c-122.4 0-222 99.6-222 222 0 39.1 10.2 77.3 29.6 111L0 480l117.7-30.9c32.4 17.7 68.9 27 106.1 27h.1c122.3 0 224.1-99.6 224.1-222 0-59.3-25.2-115-67.1-157zm-157 341.6c-33.2 0-65.7-8.9-94-25.7l-6.7-4-69.8 18.3L72 359.2l-4.4-7c-18.5-29.4-28.2-63.3-28.2-98.2 0-101.7 82.8-184.5 184.6-184.5 49.3 0 95.6 19.2 130.4 54.1 34.8 34.9 56.2 81.2 56.1 130.5 0 101.8-84.9 184.6-186.6 184.6zm101.2-138.2c-5.5-2.8-32.8-16.2-37.9-18-5.1-1.9-8.8-2.8-12.5 2.8-3.7 5.6-14.3 18-17.6 21.8-3.2 3.7-6.5 4.2-12 1.4-32.6-16.3-54-29.1-75.5-66-5.7-9.8 5.7-9.1 16.3-30.3 1.8-3.7.9-6.9-.5-9.7-1.4-2.8-12.5-30.1-17.1-41.2-4.5-10.8-9.1-9.3-12.5-9.5-3.2-.2-6.9-.2-10.6-.2-3.7 0-9.7 1.4-14.8 6.9-5.1 5.6-19.4 19-19.4 46.3 0 27.3 19.9 53.7 22.6 57.4 2.8 3.7 39.1 59.7 94.8 83.8 35.2 15.2 49 16.5 66.6 13.9 10.7-1.6 32.8-13.4 37.4-26.4 4.6-13 4.6-24.1 3.2-26.4-1.3-2.5-5-3.9-10.5-6.6z\"><\/path><\/svg>\t\t\t\t\t<\/a>\n\t\t\t\t<\/span>\n\t\t\t\t\t<\/div>\n\t\t\t\t\t\t<\/div>\n\t\t\t\t<div class=\"elementor-element elementor-element-b817418 elementor-widget elementor-widget-google_maps\" data-id=\"b817418\" data-element_type=\"widget\" data-e-type=\"widget\" data-widget_type=\"google_maps.default\">\n\t\t\t\t\t\t\t<div class=\"elementor-custom-embed\">\n\t\t\t<iframe loading=\"lazy\"\n\t\t\t\t\tsrc=\"https:\/\/maps.google.com\/maps?q=Arregui%203995%2C%20Caapital%20Federal%2C%20Buenos%20Aires&#038;t=m&#038;z=16&#038;output=embed&#038;iwloc=near\"\n\t\t\t\t\ttitle=\"Arregui 3995, Caapital Federal, Buenos Aires\"\n\t\t\t\t\taria-label=\"Arregui 3995, Caapital Federal, Buenos Aires\"\n\t\t\t><\/iframe>\n\t\t<\/div>\n\t\t\t\t\t\t<\/div>\n\t\t\t\t\t<\/div>\n\t\t<\/div>\n\t\t\t\t<div class=\"elementor-column elementor-col-50 elementor-top-column elementor-element elementor-element-dc475dd\" data-id=\"dc475dd\" data-element_type=\"column\" data-e-type=\"column\">\n\t\t\t<div class=\"elementor-widget-wrap elementor-element-populated\">\n\t\t\t\t\t\t<div class=\"elementor-element elementor-element-b6fd39a elementor-widget elementor-widget-text-editor\" data-id=\"b6fd39a\" data-element_type=\"widget\" data-e-type=\"widget\" data-widget_type=\"text-editor.default\">\n\t\t\t\t\t\t\t\t\t<p>Inform\u00e1 tus datos y a la brevedad entraremos en contacto.<\/p>\t\t\t\t\t\t\t\t<\/div>\n\t\t\t\t<div class=\"elementor-element elementor-element-d2ac711 elementor-button-align-stretch elementor-widget elementor-widget-form\" data-id=\"d2ac711\" data-element_type=\"widget\" data-e-type=\"widget\" data-settings=\"{&quot;step_next_label&quot;:&quot;Next&quot;,&quot;step_previous_label&quot;:&quot;Previous&quot;,&quot;button_width&quot;:&quot;100&quot;,&quot;step_type&quot;:&quot;number_text&quot;,&quot;step_icon_shape&quot;:&quot;circle&quot;}\" data-widget_type=\"form.default\">\n\t\t\t\t\t\t\t<form class=\"elementor-form\" method=\"post\" name=\"Formulario de Contacto\" aria-label=\"Formulario de Contacto\">\n\t\t\t<input type=\"hidden\" name=\"post_id\" value=\"10469\"\/>\n\t\t\t<input type=\"hidden\" name=\"form_id\" value=\"d2ac711\"\/>\n\t\t\t<input type=\"hidden\" name=\"referer_title\" value=\"Mono Azul\" \/>\n\n\t\t\t\n\t\t\t<div class=\"elementor-form-fields-wrapper elementor-labels-above\">\n\t\t\t\t\t\t\t\t<div class=\"elementor-field-type-text elementor-field-group elementor-column elementor-field-group-name elementor-col-100 elementor-field-required\">\n\t\t\t\t\t\t\t\t\t\t\t\t\t<input size=\"1\" type=\"text\" name=\"form_fields[name]\" id=\"form-field-name\" class=\"elementor-field elementor-size-sm  elementor-field-textual\" placeholder=\"Nombre y Apellido\" required=\"required\">\n\t\t\t\t\t\t\t\t\t\t\t<\/div>\n\t\t\t\t\t\t\t\t<div class=\"elementor-field-type-email elementor-field-group elementor-column elementor-field-group-email elementor-col-100 elementor-field-required\">\n\t\t\t\t\t\t\t\t\t\t\t\t\t<input size=\"1\" type=\"email\" name=\"form_fields[email]\" id=\"form-field-email\" class=\"elementor-field elementor-size-sm  elementor-field-textual\" placeholder=\"E-mail\" required=\"required\">\n\t\t\t\t\t\t\t\t\t\t\t<\/div>\n\t\t\t\t\t\t\t\t<div class=\"elementor-field-type-tel elementor-field-group elementor-column elementor-field-group-field_97b7267 elementor-col-100 elementor-field-required\">\n\t\t\t\t\t\t\t<input size=\"1\" type=\"tel\" name=\"form_fields[field_97b7267]\" id=\"form-field-field_97b7267\" class=\"elementor-field elementor-size-sm  elementor-field-textual\" placeholder=\"Tel\u00e9fono\" required=\"required\" pattern=\"[0-9()#&amp;+*-=.]+\" title=\"Only numbers and phone characters (#, -, *, etc) are accepted.\">\n\n\t\t\t\t\t\t<\/div>\n\t\t\t\t\t\t\t\t<div class=\"elementor-field-type-textarea elementor-field-group elementor-column elementor-field-group-message elementor-col-100\">\n\t\t\t\t\t<textarea class=\"elementor-field-textual elementor-field  elementor-size-sm\" name=\"form_fields[message]\" id=\"form-field-message\" rows=\"4\" placeholder=\"Dej\u00e1nos tu mensaje...\"><\/textarea>\t\t\t\t<\/div>\n\t\t\t\t\t\t\t\t<div class=\"elementor-field-type-recaptcha elementor-field-group elementor-column elementor-field-group-field_b9eeed4 elementor-col-100\">\n\t\t\t\t\t<div class=\"elementor-field\" id=\"form-field-field_b9eeed4\"><div class=\"elementor-g-recaptcha\" data-sitekey=\"6LcWOKQdAAAAAGYZjJu5d4KlvA901nqcN1_IAvyV\" data-type=\"v2_checkbox\" data-theme=\"light\" data-size=\"normal\"><\/div><\/div>\t\t\t\t<\/div>\n\t\t\t\t\t\t\t\t<div class=\"elementor-field-type-recaptcha elementor-field-group elementor-column elementor-field-group-field_a0409cf elementor-col-100\">\n\t\t\t\t\t<div class=\"elementor-field\" id=\"form-field-field_a0409cf\"><div class=\"elementor-g-recaptcha\" data-sitekey=\"6LcWOKQdAAAAAGYZjJu5d4KlvA901nqcN1_IAvyV\" data-type=\"v2_checkbox\" data-theme=\"light\" data-size=\"normal\"><\/div><\/div>\t\t\t\t<\/div>\n\t\t\t\t\t\t\t\t<div class=\"elementor-field-group elementor-column elementor-field-type-submit elementor-col-100 e-form__buttons\">\n\t\t\t\t\t<button class=\"elementor-button elementor-size-sm\" type=\"submit\">\n\t\t\t\t\t\t<span class=\"elementor-button-content-wrapper\">\n\t\t\t\t\t\t\t\t\t\t\t\t\t\t\t\t\t\t\t\t\t\t<span class=\"elementor-button-text\">Enviar<\/span>\n\t\t\t\t\t\t\t\t\t\t\t\t\t<\/span>\n\t\t\t\t\t<\/button>\n\t\t\t\t<\/div>\n\t\t\t<\/div>\n\t\t<\/form>\n\t\t\t\t\t\t<\/div>\n\t\t\t\t\t<\/div>\n\t\t<\/div>\n\t\t\t\t\t<\/div>\n\t\t<\/section>\n\t\t\t\t<section data-particle_enable=\"false\" data-particle-mobile-disabled=\"false\" class=\"elementor-section elementor-top-section elementor-element elementor-element-36f3b80 elementor-section-content-middle elementor-section-boxed elementor-section-height-default elementor-section-height-default\" data-id=\"36f3b80\" data-element_type=\"section\" data-e-type=\"section\" data-settings=\"{&quot;background_background&quot;:&quot;classic&quot;}\">\n\t\t\t\t\t\t<div class=\"elementor-container elementor-column-gap-default\">\n\t\t\t\t\t<div class=\"elementor-column elementor-col-25 elementor-top-column elementor-element elementor-element-22de1dc\" data-id=\"22de1dc\" data-element_type=\"column\" data-e-type=\"column\">\n\t\t\t<div class=\"elementor-widget-wrap elementor-element-populated\">\n\t\t\t\t\t\t<div class=\"elementor-element elementor-element-7bd44be elementor-widget elementor-widget-image\" data-id=\"7bd44be\" data-element_type=\"widget\" data-e-type=\"widget\" data-widget_type=\"image.default\">\n\t\t\t\t\t\t\t\t\t\t\t\t\t\t\t<img fetchpriority=\"high\" decoding=\"async\" width=\"198\" height=\"270\" src=\"https:\/\/monoazulweb.com\/wp-content\/uploads\/2020\/12\/fc-cta-img-left.png\" class=\"attachment-large size-large wp-image-10484\" alt=\"\" \/>\t\t\t\t\t\t\t\t\t\t\t\t\t\t\t<\/div>\n\t\t\t\t\t<\/div>\n\t\t<\/div>\n\t\t\t\t<div class=\"elementor-column elementor-col-50 elementor-top-column elementor-element elementor-element-d7a95f8\" data-id=\"d7a95f8\" data-element_type=\"column\" data-e-type=\"column\">\n\t\t\t<div class=\"elementor-widget-wrap elementor-element-populated\">\n\t\t\t\t\t\t<div class=\"elementor-element elementor-element-da2a88f elementor-widget elementor-widget-heading\" data-id=\"da2a88f\" data-element_type=\"widget\" data-e-type=\"widget\" data-widget_type=\"heading.default\">\n\t\t\t\t\t<p class=\"elementor-heading-title elementor-size-default\">Si ya ten\u00e9s una gran idea, estamos aqu\u00ed para ayudar a plasmarla y encontrar soluciones innovadores.<\/p>\t\t\t\t<\/div>\n\t\t\t\t<div class=\"elementor-element elementor-element-cb4e2bf elementor-align-center elementor-widget elementor-widget-button\" data-id=\"cb4e2bf\" data-element_type=\"widget\" data-e-type=\"widget\" data-widget_type=\"button.default\">\n\t\t\t\t\t\t\t\t\t\t<a class=\"elementor-button elementor-button-link elementor-size-md\" href=\"https:\/\/monoazulweb.com\/empezar-proyecto\/\">\n\t\t\t\t\t\t<span class=\"elementor-button-content-wrapper\">\n\t\t\t\t\t\t<span class=\"elementor-button-icon\">\n\t\t\t\t<svg aria-hidden=\"true\" class=\"e-font-icon-svg e-fas-arrow-right\" viewBox=\"0 0 448 512\" xmlns=\"http:\/\/www.w3.org\/2000\/svg\"><path d=\"M190.5 66.9l22.2-22.2c9.4-9.4 24.6-9.4 33.9 0L441 239c9.4 9.4 9.4 24.6 0 33.9L246.6 467.3c-9.4 9.4-24.6 9.4-33.9 0l-22.2-22.2c-9.5-9.5-9.3-25 .4-34.3L311.4 296H24c-13.3 0-24-10.7-24-24v-32c0-13.3 10.7-24 24-24h287.4L190.9 101.2c-9.8-9.3-10-24.8-.4-34.3z\"><\/path><\/svg>\t\t\t<\/span>\n\t\t\t\t\t\t\t\t\t<span class=\"elementor-button-text\">Empezar un Proyecto<\/span>\n\t\t\t\t\t<\/span>\n\t\t\t\t\t<\/a>\n\t\t\t\t\t\t\t\t<\/div>\n\t\t\t\t\t<\/div>\n\t\t<\/div>\n\t\t\t\t<div class=\"elementor-column elementor-col-25 elementor-top-column elementor-element elementor-element-58ee095\" data-id=\"58ee095\" data-element_type=\"column\" data-e-type=\"column\">\n\t\t\t<div class=\"elementor-widget-wrap elementor-element-populated\">\n\t\t\t\t\t\t<div class=\"elementor-element elementor-element-bd03539 elementor-widget elementor-widget-image\" data-id=\"bd03539\" data-element_type=\"widget\" data-e-type=\"widget\" data-widget_type=\"image.default\">\n\t\t\t\t\t\t\t\t\t\t\t\t\t\t\t<img decoding=\"async\" width=\"194\" height=\"270\" src=\"https:\/\/monoazulweb.com\/wp-content\/uploads\/2020\/12\/fc-cta-img-right.png\" class=\"attachment-large size-large wp-image-10485\" alt=\"\" \/>\t\t\t\t\t\t\t\t\t\t\t\t\t\t\t<\/div>\n\t\t\t\t\t<\/div>\n\t\t<\/div>\n\t\t\t\t\t<\/div>\n\t\t<\/section>\n\t\t\t\t<\/div>\n\t\t","protected":false},"excerpt":{"rendered":"<p>CONTACTO \u00bfPodemos hablar? \u00a1Hagamos una call! Arregui, 3995 &#8211; Of.2 &#8211; 2do. PisoC.A.B.A. &#8211; Caputal Federal, ARTel.: +54 9 11 5803.3370 (Whatsapp)E-mail: info@monoazulweb.com Facebook Instagram Whatsapp Inform\u00e1 tus datos y a la brevedad entraremos en contacto. Si ya ten\u00e9s una gran idea, estamos aqu\u00ed para ayudar a plasmarla y encontrar soluciones innovadores. Empezar un Proyecto<\/p>","protected":false},"author":1,"featured_media":0,"parent":0,"menu_order":0,"comment_status":"closed","ping_status":"closed","template":"","meta":{"footnotes":""},"class_list":["post-10469","page","type-page","status-publish","hentry"],"yoast_head":"<!-- This site is optimized with the Yoast SEO plugin v27.5 - https:\/\/yoast.com\/product\/yoast-seo-wordpress\/ -->\n<title>Contacto - Mono Azul<\/title>\n<meta name=\"robots\" content=\"index, follow, max-snippet:-1, max-image-preview:large, max-video-preview:-1\" \/>\n<link rel=\"canonical\" href=\"https:\/\/monoazulweb.com\/en\/contacto\/\" \/>\n<meta property=\"og:locale\" content=\"en_US\" \/>\n<meta property=\"og:type\" content=\"article\" \/>\n<meta property=\"og:title\" content=\"Contacto - Mono Azul\" \/>\n<meta property=\"og:description\" content=\"CONTACTO \u00bfPodemos hablar? \u00a1Hagamos una call! Arregui, 3995 &#8211; Of.2 &#8211; 2do. PisoC.A.B.A. &#8211; Caputal Federal, ARTel.: +54 9 11 5803.3370 (Whatsapp)E-mail: info@monoazulweb.com Facebook Instagram Whatsapp Inform\u00e1 tus datos y a la brevedad entraremos en contacto. Si ya ten\u00e9s una gran idea, estamos aqu\u00ed para ayudar a plasmarla y encontrar soluciones innovadores. Empezar un Proyecto\" \/>\n<meta property=\"og:url\" content=\"https:\/\/monoazulweb.com\/en\/contacto\/\" \/>\n<meta property=\"og:site_name\" content=\"Mono Azul\" \/>\n<meta property=\"article:publisher\" content=\"https:\/\/www.facebook.com\/monoazulweb\" \/>\n<meta property=\"article:modified_time\" content=\"2025-09-23T13:40:24+00:00\" \/>\n<meta property=\"og:image\" content=\"https:\/\/monoazulweb.com\/wp-content\/uploads\/2020\/12\/fc-cta-img-left.png\" \/>\n\t<meta property=\"og:image:width\" content=\"198\" \/>\n\t<meta property=\"og:image:height\" content=\"270\" \/>\n\t<meta property=\"og:image:type\" content=\"image\/png\" \/>\n<meta name=\"twitter:card\" content=\"summary_large_image\" \/>\n<script type=\"application\/ld+json\" class=\"yoast-schema-graph\">{\"@context\":\"https:\\\/\\\/schema.org\",\"@graph\":[{\"@type\":\"WebPage\",\"@id\":\"https:\\\/\\\/monoazulweb.com\\\/contacto\\\/\",\"url\":\"https:\\\/\\\/monoazulweb.com\\\/contacto\\\/\",\"name\":\"Contacto - Mono Azul\",\"isPartOf\":{\"@id\":\"https:\\\/\\\/monoazulweb.com\\\/pt\\\/#website\"},\"primaryImageOfPage\":{\"@id\":\"https:\\\/\\\/monoazulweb.com\\\/contacto\\\/#primaryimage\"},\"image\":{\"@id\":\"https:\\\/\\\/monoazulweb.com\\\/contacto\\\/#primaryimage\"},\"thumbnailUrl\":\"https:\\\/\\\/monoazulweb.com\\\/wp-content\\\/uploads\\\/2020\\\/12\\\/fc-cta-img-left.png\",\"datePublished\":\"2020-12-14T22:46:35+00:00\",\"dateModified\":\"2025-09-23T13:40:24+00:00\",\"breadcrumb\":{\"@id\":\"https:\\\/\\\/monoazulweb.com\\\/contacto\\\/#breadcrumb\"},\"inLanguage\":\"en-US\",\"potentialAction\":[{\"@type\":\"ReadAction\",\"target\":[\"https:\\\/\\\/monoazulweb.com\\\/contacto\\\/\"]}]},{\"@type\":\"ImageObject\",\"inLanguage\":\"en-US\",\"@id\":\"https:\\\/\\\/monoazulweb.com\\\/contacto\\\/#primaryimage\",\"url\":\"https:\\\/\\\/monoazulweb.com\\\/wp-content\\\/uploads\\\/2020\\\/12\\\/fc-cta-img-left.png\",\"contentUrl\":\"https:\\\/\\\/monoazulweb.com\\\/wp-content\\\/uploads\\\/2020\\\/12\\\/fc-cta-img-left.png\"},{\"@type\":\"BreadcrumbList\",\"@id\":\"https:\\\/\\\/monoazulweb.com\\\/contacto\\\/#breadcrumb\",\"itemListElement\":[{\"@type\":\"ListItem\",\"position\":1,\"name\":\"Inicio\",\"item\":\"https:\\\/\\\/monoazulweb.com\\\/\"},{\"@type\":\"ListItem\",\"position\":2,\"name\":\"Contacto\"}]},{\"@type\":\"WebSite\",\"@id\":\"https:\\\/\\\/monoazulweb.com\\\/pt\\\/#website\",\"url\":\"https:\\\/\\\/monoazulweb.com\\\/pt\\\/\",\"name\":\"Mono Azul - Desarrollos Digitales\",\"description\":\"Desarrollos Digitales\",\"publisher\":{\"@id\":\"https:\\\/\\\/monoazulweb.com\\\/pt\\\/#organization\"},\"potentialAction\":[{\"@type\":\"SearchAction\",\"target\":{\"@type\":\"EntryPoint\",\"urlTemplate\":\"https:\\\/\\\/monoazulweb.com\\\/pt\\\/?s={search_term_string}\"},\"query-input\":{\"@type\":\"PropertyValueSpecification\",\"valueRequired\":true,\"valueName\":\"search_term_string\"}}],\"inLanguage\":\"en-US\"},{\"@type\":\"Organization\",\"@id\":\"https:\\\/\\\/monoazulweb.com\\\/pt\\\/#organization\",\"name\":\"Mono Azul - Desarrollos Digitales\",\"url\":\"https:\\\/\\\/monoazulweb.com\\\/pt\\\/\",\"logo\":{\"@type\":\"ImageObject\",\"inLanguage\":\"en-US\",\"@id\":\"https:\\\/\\\/monoazulweb.com\\\/pt\\\/#\\\/schema\\\/logo\\\/image\\\/\",\"url\":\"https:\\\/\\\/monoazulweb.com\\\/wp-content\\\/uploads\\\/2020\\\/11\\\/cropped-monoazulweb_logo300px.png\",\"contentUrl\":\"https:\\\/\\\/monoazulweb.com\\\/wp-content\\\/uploads\\\/2020\\\/11\\\/cropped-monoazulweb_logo300px.png\",\"width\":296,\"height\":172,\"caption\":\"Mono Azul - Desarrollos Digitales\"},\"image\":{\"@id\":\"https:\\\/\\\/monoazulweb.com\\\/pt\\\/#\\\/schema\\\/logo\\\/image\\\/\"},\"sameAs\":[\"https:\\\/\\\/www.facebook.com\\\/monoazulweb\",\"https:\\\/\\\/www.instagram.com\\\/monoazulweb\"]}]}<\/script>\n<!-- \/ Yoast SEO plugin. -->","yoast_head_json":{"title":"Contacto - Mono Azul","robots":{"index":"index","follow":"follow","max-snippet":"max-snippet:-1","max-image-preview":"max-image-preview:large","max-video-preview":"max-video-preview:-1"},"canonical":"https:\/\/monoazulweb.com\/en\/contacto\/","og_locale":"en_US","og_type":"article","og_title":"Contacto - Mono Azul","og_description":"CONTACTO \u00bfPodemos hablar? \u00a1Hagamos una call! Arregui, 3995 &#8211; Of.2 &#8211; 2do. PisoC.A.B.A. &#8211; Caputal Federal, ARTel.: +54 9 11 5803.3370 (Whatsapp)E-mail: info@monoazulweb.com Facebook Instagram Whatsapp Inform\u00e1 tus datos y a la brevedad entraremos en contacto. Si ya ten\u00e9s una gran idea, estamos aqu\u00ed para ayudar a plasmarla y encontrar soluciones innovadores. Empezar un Proyecto","og_url":"https:\/\/monoazulweb.com\/en\/contacto\/","og_site_name":"Mono Azul","article_publisher":"https:\/\/www.facebook.com\/monoazulweb","article_modified_time":"2025-09-23T13:40:24+00:00","og_image":[{"width":198,"height":270,"url":"https:\/\/monoazulweb.com\/wp-content\/uploads\/2020\/12\/fc-cta-img-left.png","type":"image\/png"}],"twitter_card":"summary_large_image","schema":{"@context":"https:\/\/schema.org","@graph":[{"@type":"WebPage","@id":"https:\/\/monoazulweb.com\/contacto\/","url":"https:\/\/monoazulweb.com\/contacto\/","name":"Contacto - Mono Azul","isPartOf":{"@id":"https:\/\/monoazulweb.com\/pt\/#website"},"primaryImageOfPage":{"@id":"https:\/\/monoazulweb.com\/contacto\/#primaryimage"},"image":{"@id":"https:\/\/monoazulweb.com\/contacto\/#primaryimage"},"thumbnailUrl":"https:\/\/monoazulweb.com\/wp-content\/uploads\/2020\/12\/fc-cta-img-left.png","datePublished":"2020-12-14T22:46:35+00:00","dateModified":"2025-09-23T13:40:24+00:00","breadcrumb":{"@id":"https:\/\/monoazulweb.com\/contacto\/#breadcrumb"},"inLanguage":"en-US","potentialAction":[{"@type":"ReadAction","target":["https:\/\/monoazulweb.com\/contacto\/"]}]},{"@type":"ImageObject","inLanguage":"en-US","@id":"https:\/\/monoazulweb.com\/contacto\/#primaryimage","url":"https:\/\/monoazulweb.com\/wp-content\/uploads\/2020\/12\/fc-cta-img-left.png","contentUrl":"https:\/\/monoazulweb.com\/wp-content\/uploads\/2020\/12\/fc-cta-img-left.png"},{"@type":"BreadcrumbList","@id":"https:\/\/monoazulweb.com\/contacto\/#breadcrumb","itemListElement":[{"@type":"ListItem","position":1,"name":"Inicio","item":"https:\/\/monoazulweb.com\/"},{"@type":"ListItem","position":2,"name":"Contacto"}]},{"@type":"WebSite","@id":"https:\/\/monoazulweb.com\/pt\/#website","url":"https:\/\/monoazulweb.com\/pt\/","name":"Mono Azul - Desarrollos Digitales","description":"Desarrollos Digitales","publisher":{"@id":"https:\/\/monoazulweb.com\/pt\/#organization"},"potentialAction":[{"@type":"SearchAction","target":{"@type":"EntryPoint","urlTemplate":"https:\/\/monoazulweb.com\/pt\/?s={search_term_string}"},"query-input":{"@type":"PropertyValueSpecification","valueRequired":true,"valueName":"search_term_string"}}],"inLanguage":"en-US"},{"@type":"Organization","@id":"https:\/\/monoazulweb.com\/pt\/#organization","name":"Mono Azul - Desarrollos Digitales","url":"https:\/\/monoazulweb.com\/pt\/","logo":{"@type":"ImageObject","inLanguage":"en-US","@id":"https:\/\/monoazulweb.com\/pt\/#\/schema\/logo\/image\/","url":"https:\/\/monoazulweb.com\/wp-content\/uploads\/2020\/11\/cropped-monoazulweb_logo300px.png","contentUrl":"https:\/\/monoazulweb.com\/wp-content\/uploads\/2020\/11\/cropped-monoazulweb_logo300px.png","width":296,"height":172,"caption":"Mono Azul - Desarrollos Digitales"},"image":{"@id":"https:\/\/monoazulweb.com\/pt\/#\/schema\/logo\/image\/"},"sameAs":["https:\/\/www.facebook.com\/monoazulweb","https:\/\/www.instagram.com\/monoazulweb"]}]}},"_links":{"self":[{"href":"https:\/\/monoazulweb.com\/en\/wp-json\/wp\/v2\/pages\/10469","targetHints":{"allow":["GET"]}}],"collection":[{"href":"https:\/\/monoazulweb.com\/en\/wp-json\/wp\/v2\/pages"}],"about":[{"href":"https:\/\/monoazulweb.com\/en\/wp-json\/wp\/v2\/types\/page"}],"author":[{"embeddable":true,"href":"https:\/\/monoazulweb.com\/en\/wp-json\/wp\/v2\/users\/1"}],"replies":[{"embeddable":true,"href":"https:\/\/monoazulweb.com\/en\/wp-json\/wp\/v2\/comments?post=10469"}],"version-history":[{"count":6,"href":"https:\/\/monoazulweb.com\/en\/wp-json\/wp\/v2\/pages\/10469\/revisions"}],"predecessor-version":[{"id":11735,"href":"https:\/\/monoazulweb.com\/en\/wp-json\/wp\/v2\/pages\/10469\/revisions\/11735"}],"wp:attachment":[{"href":"https:\/\/monoazulweb.com\/en\/wp-json\/wp\/v2\/media?parent=10469"}],"curies":[{"name":"wp","href":"https:\/\/api.w.org\/{rel}","templated":true}]}}